{"id":6034,"date":"2023-01-01T18:27:00","date_gmt":"2023-12-05T08:13:21","guid":{"rendered":"https:\/\/vignaz.com\/?post_type=product&#038;p=6034"},"modified":"2023-12-05T09:13:22","modified_gmt":"2023-12-05T08:13:22","slug":"baci-di-cracco","status":"publish","type":"product","link":"https:\/\/vignaz.com\/en\/product\/baci-di-cracco\/","title":{"rendered":"Baci di Cracco"},"content":{"rendered":"<p>I<strong>\u00a0Baci di Cracco<\/strong>, prendono spunto dai tradizionali baci di dama, ma vengono proposti in nuovi gusti, super golosi e colorati! Degli abbinamenti che vanno dai pi\u00f9 classici ai pi\u00f9 particolari, per soddisfare i palati pi\u00f9 esigenti. La confezione contiene 6 pezzi. Peso netto: 172 gr<\/p>\n","protected":false},"excerpt":{"rendered":"<p>I\u00a0Baci di Cracco, prendono spunto dai tradizionali baci di dama, ma vengono proposti in nuovi gusti, super golosi e colorati! Degli abbinamenti che vanno dai pi\u00f9 classici ai pi\u00f9 particolari, per soddisfare i palati pi\u00f9 esigenti. La confezione contiene 6 pezzi. Peso netto: 172 gr<\/p>\n","protected":false},"featured_media":6028,"template":"","meta":{"_uag_custom_page_level_css":""},"product_brand":[],"product_cat":[360,153,202],"product_tag":[],"class_list":{"0":"post-6034","1":"product","2":"type-product","3":"status-publish","4":"has-post-thumbnail","6":"product_cat-carlo-cracco-en","7":"product_cat-sweet-products","8":"product_cat-uncategorized-en","10":"first","11":"outofstock","12":"taxable","13":"shipping-taxable","14":"purchasable","15":"product-type-simple"},"yoast_head":"<!-- This site is optimized with the Yoast SEO plugin v27.3 - https:\/\/yoast.com\/product\/yoast-seo-wordpress\/ -->\n<title>Baci di Cracco - Vignaz<\/title>\n<meta name=\"robots\" content=\"index, follow, max-snippet:-1, max-image-preview:large, max-video-preview:-1\" \/>\n<link rel=\"canonical\" href=\"https:\/\/vignaz.com\/en\/product\/baci-di-cracco\/\" \/>\n<meta property=\"og:locale\" content=\"en_US\" \/>\n<meta property=\"og:type\" content=\"article\" \/>\n<meta property=\"og:title\" content=\"Baci di Cracco - Vignaz\" \/>\n<meta property=\"og:description\" content=\"I\u00a0Baci di Cracco, prendono spunto dai tradizionali baci di dama, ma vengono proposti in nuovi gusti, super golosi e colorati! Degli abbinamenti che vanno dai pi\u00f9 classici ai pi\u00f9 particolari, per soddisfare i palati pi\u00f9 esigenti. La confezione contiene 6 pezzi. Peso netto: 172 gr\" \/>\n<meta property=\"og:url\" content=\"https:\/\/vignaz.com\/en\/product\/baci-di-cracco\/\" \/>\n<meta property=\"og:site_name\" content=\"Vignaz\" \/>\n<meta property=\"article:publisher\" content=\"https:\/\/www.facebook.com\/vignazstore\/?modal=admin_todo_tour\" \/>\n<meta property=\"article:modified_time\" content=\"2023-12-05T08:13:22+00:00\" \/>\n<meta property=\"og:image\" content=\"https:\/\/vignaz.com\/wp-content\/uploads\/2023\/01\/BACI-DI-CRACCO.png\" \/>\n\t<meta property=\"og:image:width\" content=\"861\" \/>\n\t<meta property=\"og:image:height\" content=\"790\" \/>\n\t<meta property=\"og:image:type\" content=\"image\/png\" \/>\n<meta name=\"twitter:card\" content=\"summary_large_image\" \/>\n<script type=\"application\/ld+json\" class=\"yoast-schema-graph\">{\"@context\":\"https:\\\/\\\/schema.org\",\"@graph\":[{\"@type\":\"WebPage\",\"@id\":\"https:\\\/\\\/vignaz.com\\\/en\\\/product\\\/baci-di-cracco\\\/\",\"url\":\"https:\\\/\\\/vignaz.com\\\/en\\\/product\\\/baci-di-cracco\\\/\",\"name\":\"Baci di Cracco - Vignaz\",\"isPartOf\":{\"@id\":\"https:\\\/\\\/www.vignaz.com\\\/#website\"},\"primaryImageOfPage\":{\"@id\":\"https:\\\/\\\/vignaz.com\\\/en\\\/product\\\/baci-di-cracco\\\/#primaryimage\"},\"image\":{\"@id\":\"https:\\\/\\\/vignaz.com\\\/en\\\/product\\\/baci-di-cracco\\\/#primaryimage\"},\"thumbnailUrl\":\"https:\\\/\\\/vignaz.com\\\/wp-content\\\/uploads\\\/2023\\\/01\\\/BACI-DI-CRACCO.png\",\"datePublished\":\"2023-12-05T08:13:21+00:00\",\"dateModified\":\"2023-12-05T08:13:22+00:00\",\"breadcrumb\":{\"@id\":\"https:\\\/\\\/vignaz.com\\\/en\\\/product\\\/baci-di-cracco\\\/#breadcrumb\"},\"inLanguage\":\"en-US\",\"potentialAction\":[{\"@type\":\"ReadAction\",\"target\":[\"https:\\\/\\\/vignaz.com\\\/en\\\/product\\\/baci-di-cracco\\\/\"]}]},{\"@type\":\"ImageObject\",\"inLanguage\":\"en-US\",\"@id\":\"https:\\\/\\\/vignaz.com\\\/en\\\/product\\\/baci-di-cracco\\\/#primaryimage\",\"url\":\"https:\\\/\\\/vignaz.com\\\/wp-content\\\/uploads\\\/2023\\\/01\\\/BACI-DI-CRACCO.png\",\"contentUrl\":\"https:\\\/\\\/vignaz.com\\\/wp-content\\\/uploads\\\/2023\\\/01\\\/BACI-DI-CRACCO.png\",\"width\":861,\"height\":790},{\"@type\":\"BreadcrumbList\",\"@id\":\"https:\\\/\\\/vignaz.com\\\/en\\\/product\\\/baci-di-cracco\\\/#breadcrumb\",\"itemListElement\":[{\"@type\":\"ListItem\",\"position\":1,\"name\":\"Home\",\"item\":\"https:\\\/\\\/vignaz.com\\\/en\\\/\"},{\"@type\":\"ListItem\",\"position\":2,\"name\":\"Shop\",\"item\":\"https:\\\/\\\/www.vignaz.com\\\/en\\\/shop\\\/\"},{\"@type\":\"ListItem\",\"position\":3,\"name\":\"Baci di Cracco\"}]},{\"@type\":\"WebSite\",\"@id\":\"https:\\\/\\\/www.vignaz.com\\\/#website\",\"url\":\"https:\\\/\\\/www.vignaz.com\\\/\",\"name\":\"Vignaz\",\"description\":\"Wine. Food. Good.\",\"publisher\":{\"@id\":\"https:\\\/\\\/www.vignaz.com\\\/#organization\"},\"potentialAction\":[{\"@type\":\"SearchAction\",\"target\":{\"@type\":\"EntryPoint\",\"urlTemplate\":\"https:\\\/\\\/www.vignaz.com\\\/?s={search_term_string}\"},\"query-input\":{\"@type\":\"PropertyValueSpecification\",\"valueRequired\":true,\"valueName\":\"search_term_string\"}}],\"inLanguage\":\"en-US\"},{\"@type\":\"Organization\",\"@id\":\"https:\\\/\\\/www.vignaz.com\\\/#organization\",\"name\":\"VIGNAZ - Wine.Food.Good.\",\"url\":\"https:\\\/\\\/www.vignaz.com\\\/\",\"logo\":{\"@type\":\"ImageObject\",\"inLanguage\":\"en-US\",\"@id\":\"https:\\\/\\\/www.vignaz.com\\\/#\\\/schema\\\/logo\\\/image\\\/\",\"url\":\"https:\\\/\\\/vignaz.com\\\/wp-content\\\/uploads\\\/2019\\\/03\\\/retina-big.png\",\"contentUrl\":\"https:\\\/\\\/vignaz.com\\\/wp-content\\\/uploads\\\/2019\\\/03\\\/retina-big.png\",\"width\":600,\"height\":250,\"caption\":\"VIGNAZ - Wine.Food.Good.\"},\"image\":{\"@id\":\"https:\\\/\\\/www.vignaz.com\\\/#\\\/schema\\\/logo\\\/image\\\/\"},\"sameAs\":[\"https:\\\/\\\/www.facebook.com\\\/vignazstore\\\/?modal=admin_todo_tour\",\"https:\\\/\\\/www.instagram.com\\\/vignaz_winefoodgood\\\/\"]}]}<\/script>\n<!-- \/ Yoast SEO plugin. -->","yoast_head_json":{"title":"Baci di Cracco - Vignaz","robots":{"index":"index","follow":"follow","max-snippet":"max-snippet:-1","max-image-preview":"max-image-preview:large","max-video-preview":"max-video-preview:-1"},"canonical":"https:\/\/vignaz.com\/en\/product\/baci-di-cracco\/","og_locale":"en_US","og_type":"article","og_title":"Baci di Cracco - Vignaz","og_description":"I\u00a0Baci di Cracco, prendono spunto dai tradizionali baci di dama, ma vengono proposti in nuovi gusti, super golosi e colorati! Degli abbinamenti che vanno dai pi\u00f9 classici ai pi\u00f9 particolari, per soddisfare i palati pi\u00f9 esigenti. La confezione contiene 6 pezzi. Peso netto: 172 gr","og_url":"https:\/\/vignaz.com\/en\/product\/baci-di-cracco\/","og_site_name":"Vignaz","article_publisher":"https:\/\/www.facebook.com\/vignazstore\/?modal=admin_todo_tour","article_modified_time":"2023-12-05T08:13:22+00:00","og_image":[{"width":861,"height":790,"url":"https:\/\/vignaz.com\/wp-content\/uploads\/2023\/01\/BACI-DI-CRACCO.png","type":"image\/png"}],"twitter_card":"summary_large_image","schema":{"@context":"https:\/\/schema.org","@graph":[{"@type":"WebPage","@id":"https:\/\/vignaz.com\/en\/product\/baci-di-cracco\/","url":"https:\/\/vignaz.com\/en\/product\/baci-di-cracco\/","name":"Baci di Cracco - Vignaz","isPartOf":{"@id":"https:\/\/www.vignaz.com\/#website"},"primaryImageOfPage":{"@id":"https:\/\/vignaz.com\/en\/product\/baci-di-cracco\/#primaryimage"},"image":{"@id":"https:\/\/vignaz.com\/en\/product\/baci-di-cracco\/#primaryimage"},"thumbnailUrl":"https:\/\/vignaz.com\/wp-content\/uploads\/2023\/01\/BACI-DI-CRACCO.png","datePublished":"2023-12-05T08:13:21+00:00","dateModified":"2023-12-05T08:13:22+00:00","breadcrumb":{"@id":"https:\/\/vignaz.com\/en\/product\/baci-di-cracco\/#breadcrumb"},"inLanguage":"en-US","potentialAction":[{"@type":"ReadAction","target":["https:\/\/vignaz.com\/en\/product\/baci-di-cracco\/"]}]},{"@type":"ImageObject","inLanguage":"en-US","@id":"https:\/\/vignaz.com\/en\/product\/baci-di-cracco\/#primaryimage","url":"https:\/\/vignaz.com\/wp-content\/uploads\/2023\/01\/BACI-DI-CRACCO.png","contentUrl":"https:\/\/vignaz.com\/wp-content\/uploads\/2023\/01\/BACI-DI-CRACCO.png","width":861,"height":790},{"@type":"BreadcrumbList","@id":"https:\/\/vignaz.com\/en\/product\/baci-di-cracco\/#breadcrumb","itemListElement":[{"@type":"ListItem","position":1,"name":"Home","item":"https:\/\/vignaz.com\/en\/"},{"@type":"ListItem","position":2,"name":"Shop","item":"https:\/\/www.vignaz.com\/en\/shop\/"},{"@type":"ListItem","position":3,"name":"Baci di Cracco"}]},{"@type":"WebSite","@id":"https:\/\/www.vignaz.com\/#website","url":"https:\/\/www.vignaz.com\/","name":"Vignaz","description":"Wine. Food. Good.","publisher":{"@id":"https:\/\/www.vignaz.com\/#organization"},"potentialAction":[{"@type":"SearchAction","target":{"@type":"EntryPoint","urlTemplate":"https:\/\/www.vignaz.com\/?s={search_term_string}"},"query-input":{"@type":"PropertyValueSpecification","valueRequired":true,"valueName":"search_term_string"}}],"inLanguage":"en-US"},{"@type":"Organization","@id":"https:\/\/www.vignaz.com\/#organization","name":"VIGNAZ - Wine.Food.Good.","url":"https:\/\/www.vignaz.com\/","logo":{"@type":"ImageObject","inLanguage":"en-US","@id":"https:\/\/www.vignaz.com\/#\/schema\/logo\/image\/","url":"https:\/\/vignaz.com\/wp-content\/uploads\/2019\/03\/retina-big.png","contentUrl":"https:\/\/vignaz.com\/wp-content\/uploads\/2019\/03\/retina-big.png","width":600,"height":250,"caption":"VIGNAZ - Wine.Food.Good."},"image":{"@id":"https:\/\/www.vignaz.com\/#\/schema\/logo\/image\/"},"sameAs":["https:\/\/www.facebook.com\/vignazstore\/?modal=admin_todo_tour","https:\/\/www.instagram.com\/vignaz_winefoodgood\/"]}]}},"uagb_featured_image_src":{"full":["https:\/\/vignaz.com\/wp-content\/uploads\/2023\/01\/BACI-DI-CRACCO.png",861,790,false],"thumbnail":["https:\/\/vignaz.com\/wp-content\/uploads\/2023\/01\/BACI-DI-CRACCO-150x150.png",150,150,true],"medium":["https:\/\/vignaz.com\/wp-content\/uploads\/2023\/01\/BACI-DI-CRACCO-300x275.png",300,275,true],"medium_large":["https:\/\/vignaz.com\/wp-content\/uploads\/2023\/01\/BACI-DI-CRACCO-768x705.png",768,705,true],"large":["https:\/\/vignaz.com\/wp-content\/uploads\/2023\/01\/BACI-DI-CRACCO.png",861,790,false],"1536x1536":["https:\/\/vignaz.com\/wp-content\/uploads\/2023\/01\/BACI-DI-CRACCO.png",861,790,false],"2048x2048":["https:\/\/vignaz.com\/wp-content\/uploads\/2023\/01\/BACI-DI-CRACCO.png",861,790,false],"woocommerce_thumbnail":["https:\/\/vignaz.com\/wp-content\/uploads\/2023\/01\/BACI-DI-CRACCO-324x324.png",324,324,true],"woocommerce_single":["https:\/\/vignaz.com\/wp-content\/uploads\/2023\/01\/BACI-DI-CRACCO-416x382.png",416,382,true],"woocommerce_gallery_thumbnail":["https:\/\/vignaz.com\/wp-content\/uploads\/2023\/01\/BACI-DI-CRACCO-100x100.png",100,100,true]},"uagb_author_info":{"display_name":"CREW","author_link":"https:\/\/vignaz.com\/en\/author\/"},"uagb_comment_info":0,"uagb_excerpt":"I\u00a0Baci di Cracco, prendono spunto dai tradizionali baci di dama, ma vengono proposti in nuovi gusti, super golosi e colorati! Degli abbinamenti che vanno dai pi\u00f9 classici ai pi\u00f9 particolari, per soddisfare i palati pi\u00f9 esigenti. La confezione contiene 6 pezzi. Peso netto: 172 gr","_links":{"self":[{"href":"https:\/\/vignaz.com\/en\/wp-json\/wp\/v2\/product\/6034","targetHints":{"allow":["GET"]}}],"collection":[{"href":"https:\/\/vignaz.com\/en\/wp-json\/wp\/v2\/product"}],"about":[{"href":"https:\/\/vignaz.com\/en\/wp-json\/wp\/v2\/types\/product"}],"wp:featuredmedia":[{"embeddable":true,"href":"https:\/\/vignaz.com\/en\/wp-json\/wp\/v2\/media\/6028"}],"wp:attachment":[{"href":"https:\/\/vignaz.com\/en\/wp-json\/wp\/v2\/media?parent=6034"}],"wp:term":[{"taxonomy":"product_brand","embeddable":true,"href":"https:\/\/vignaz.com\/en\/wp-json\/wp\/v2\/product_brand?post=6034"},{"taxonomy":"product_cat","embeddable":true,"href":"https:\/\/vignaz.com\/en\/wp-json\/wp\/v2\/product_cat?post=6034"},{"taxonomy":"product_tag","embeddable":true,"href":"https:\/\/vignaz.com\/en\/wp-json\/wp\/v2\/product_tag?post=6034"}],"curies":[{"name":"wp","href":"https:\/\/api.w.org\/{rel}","templated":true}]}}